{"id":2,"date":"2018-11-07T22:59:59","date_gmt":"2018-11-07T22:59:59","guid":{"rendered":"http:\/\/www.btgcorporate.mx\/?page_id=2"},"modified":"2022-03-16T23:06:47","modified_gmt":"2022-03-16T23:06:47","slug":"nosotros","status":"publish","type":"page","link":"https:\/\/www.btgcorporate.mx\/?page_id=2","title":{"rendered":"\u00bfQUI\u00c9NES SOMOS?"},"content":{"rendered":"<p>Somo una empresa joven y din\u00e1mica que nace con la vocaci\u00f3n de simplificar la eficiencia y los gastos en la gesti\u00f3n de los viajes personales como de empresa trabajando de la mano con una extensa red de socios comerciales.<\/p>\n<p><\/p>\n\n\n<div class=\"wp-block-group\"><div class=\"wp-block-group__inner-container is-layout-flow wp-block-group-is-layout-flow\">\n<figure class=\"wp-block-image size-large is-resized\"><img decoding=\"async\" src=\"https:\/\/www.btgcorporate.mx\/wp-content\/uploads\/2020\/04\/IATA.jpg\" alt=\"\" class=\"wp-image-485\" width=\"200\" height=\"90\"\/><\/figure>\n<\/div><\/div>\n\n\n\n<figure class=\"wp-block-image size-large is-resized\"><img decoding=\"async\" src=\"https:\/\/www.btgcorporate.mx\/wp-content\/uploads\/2020\/04\/sabre-travel-network-logo-png-transparent-2-1024x443.png\" alt=\"\" class=\"wp-image-500\" width=\"200\" height=\"90\"\/><\/figure>\n\n\n\n<figure class=\"wp-block-image size-large is-resized\"><img decoding=\"async\" src=\"https:\/\/www.btgcorporate.mx\/wp-content\/uploads\/2020\/04\/PCI-DSS-1.jpg\" alt=\"\" class=\"wp-image-487\" width=\"200\" height=\"90\"\/><\/figure>\n\n\n\n<div class=\"wp-block-image\"><figure class=\"alignleft size-large is-resized\"><img loading=\"lazy\" decoding=\"async\" src=\"https:\/\/www.btgcorporate.mx\/wp-content\/uploads\/2020\/04\/SECTUR.jpg\" alt=\"\" class=\"wp-image-484\" width=\"202\" height=\"91\"\/><\/figure><\/div>\n\n\n\n<p><\/p>\n","protected":false},"excerpt":{"rendered":"<p>Somo una empresa joven y din\u00e1mica que nace con la vocaci\u00f3n de simplificar la eficiencia y los gastos en la gesti\u00f3n de los viajes personales como de empresa trabajando de la mano con una extensa red de socios comerciales.<\/p>\n","protected":false},"author":1,"featured_media":0,"parent":0,"menu_order":0,"comment_status":"closed","ping_status":"closed","template":"","meta":{"footnotes":""},"class_list":["post-2","page","type-page","status-publish","hentry"],"_links":{"self":[{"href":"https:\/\/www.btgcorporate.mx\/index.php?rest_route=\/wp\/v2\/pages\/2"}],"collection":[{"href":"https:\/\/www.btgcorporate.mx\/index.php?rest_route=\/wp\/v2\/pages"}],"about":[{"href":"https:\/\/www.btgcorporate.mx\/index.php?rest_route=\/wp\/v2\/types\/page"}],"author":[{"embeddable":true,"href":"https:\/\/www.btgcorporate.mx\/index.php?rest_route=\/wp\/v2\/users\/1"}],"replies":[{"embeddable":true,"href":"https:\/\/www.btgcorporate.mx\/index.php?rest_route=%2Fwp%2Fv2%2Fcomments&post=2"}],"version-history":[{"count":13,"href":"https:\/\/www.btgcorporate.mx\/index.php?rest_route=\/wp\/v2\/pages\/2\/revisions"}],"predecessor-version":[{"id":584,"href":"https:\/\/www.btgcorporate.mx\/index.php?rest_route=\/wp\/v2\/pages\/2\/revisions\/584"}],"wp:attachment":[{"href":"https:\/\/www.btgcorporate.mx\/index.php?rest_route=%2Fwp%2Fv2%2Fmedia&parent=2"}],"curies":[{"name":"wp","href":"https:\/\/api.w.org\/{rel}","templated":true}]}}